{"id":33,"date":"2020-07-08T15:17:36","date_gmt":"2020-07-08T13:17:36","guid":{"rendered":"http:\/\/bobath-schulungszentrum-kassel.de\/?page_id=33"},"modified":"2022-04-13T14:02:38","modified_gmt":"2022-04-13T12:02:38","slug":"kurse","status":"publish","type":"page","link":"https:\/\/www.schulung-bobath-kassel.de\/en\/kurse\/","title":{"rendered":"Courses"},"content":{"rendered":"<div class=\"wp-bootstrap-blocks-container container mb-2\">\n\t\n<div class=\"wp-bootstrap-blocks-row row\">\n\t\n\n<div class=\"col-12 col-md-6 col-xl-5 offset-xl-1\">\n\t\t\t\n\n<p>In unseren Aus- und Weiterbildungen steht das IBITA Modell der Bobath Therapie im Mittelpunkt und bietet den Rahmen f\u00fcr Austausch und Lernen.<br>Das MBCP &#8211; Das Modell der klinischen Praxis von Bobath bildet bei uns zudem die Grundlage f\u00fcr ein gemeinsames Verst\u00e4ndnis der klinischen Praxis, Ausbildung und Forschung von Bobath, da wir direkt am und mit den Klienten arbeiten. Die klinische Anwendung des <a href=\"\/en\/kurse\/ueber-bobath\/\">Bobath-Konzepts<\/a> unterstreicht somit die Integration von Haltung und Bewegung in Bezug auf die Qualit\u00e4t der Aufgabenerf\u00fcllung.<\/p>\n\n\n\n<p>The Model of Bobath Clinical Practice.&nbsp;Michielsen M, Vaughan-Graham J, Holland A, Magri A, Suzuki M. (2017). The Bobath concept \u2013 a model to illustrate clinical practice.&nbsp;Disability and Rehabilitation, 7, 1-13. Figure 2, page 3))<\/p>\n\n\t<\/div>\n\n\n\n<div class=\"col-12 col-md-6 col-xl-5\">\n\t\t\t\n\n<figure class=\"wp-block-image size-large is-resized img-fluid\"><img loading=\"lazy\" decoding=\"async\" src=\"https:\/\/bobath-schulungszentrum-kassel.de\/wp-content\/uploads\/2020\/08\/Bobath_Kurs_Grafik.jpg\" alt=\"\" class=\"wp-image-471\" width=\"525\" height=\"525\" srcset=\"https:\/\/www.schulung-bobath-kassel.de\/wp-content\/uploads\/2020\/08\/Bobath_Kurs_Grafik.jpg 525w, https:\/\/www.schulung-bobath-kassel.de\/wp-content\/uploads\/2020\/08\/Bobath_Kurs_Grafik-300x300.jpg 300w, https:\/\/www.schulung-bobath-kassel.de\/wp-content\/uploads\/2020\/08\/Bobath_Kurs_Grafik-150x150.jpg 150w\" sizes=\"auto, (max-width: 525px) 100vw, 525px\" \/><\/figure>\n\n\t<\/div>\n\n\n\n<div class=\"col-12 col-xl-10 offset-xl-1\">\n\t\t\t\n\n<h3 class=\"wp-block-heading\"><strong>Was steckt hinter dem Modell der klinischen Praxis von Bobath der IBITA?<\/strong><\/h3>\n\n\n\n<p>Das \u201eEducation Committee\u201c der International Bobath Instructors Training Association (IBITA) hat den Auftrag, die theoretische Grundlage f\u00fcr die klinische Praxis des Bobath-Konzepts zu schaffen, die berufliche Weiterentwicklung zu f\u00f6rdern und die Qualit\u00e4t der Kursinhalte laufend sicherzustellen. Dieses Komitee erhielt 2008 den Auftrag, ein Modell der klinischen Praxis von Bobath zu entwickeln, um die festgestellte L\u00fccke in der Evidenzbasis zu schlie\u00dfen. Im Zeitraum 2008\u20132013 arbeitete der Bildungsausschuss an der Entwicklung dieses Modells, welches in den Folgejahren, basierend auf dem Feedback der Mitglieder und anhand klinischer F\u00e4lle, entsprechend weiterentwickelt wurde. Das daraus resultierende Modell der klinischen Praxis von Bobath ist die Parallele zu den zun\u00e4chst theoretischen Annahmen und bietet einen Rahmen f\u00fcr die klinische Praxis, Ausbildung und Forschung.<\/p>\n\n\n\n<h3 class=\"wp-block-heading\">Die Kernkomponenten des Modells der klinischen Praxis von Bobath (MBCP)<\/h3>\n\n\n\n<p>Das MBCP Modell betont, dass das Bobath-Konzept inklusiv und individualisiert ist, sodass es auf Personen jeden Alters, aller Grade k\u00f6rperlicher und funktioneller Behinderung angewendet werden kann. Es besteht dabei aus drei Schl\u00fcsselkomponenten: (1.) Funktionsbewegungsanalyse (2.) qualifizierte Unterst\u00fctzung und (3.) klinische Argumentation. Diese f\u00fchren zur Entwicklung der Behandlung und einer fortlaufenden Evaluation.<\/p>\n\n\n\n<p>Neben den drei Kernelementen werden \u201eKritische Hinweise\u201c als Hintergrund f\u00fcr die Schl\u00fcsselkomponenten des Modells gesehen, welche aus jedem Aspekt der klinischen Interaktion hervorgehen k\u00f6nnen. Kritische Hinweise sind Aspekte des klinischen Erscheinungsbilds, die als signifikant identifiziert werden und dadurch den klinischen Denkprozess beeinflussen. Beispiele f\u00fcr kritische Hinweise k\u00f6nnen sein:<\/p>\n\n\n\n<ul class=\"wp-block-list\"><li>Aspekte der Fehlausrichtung<\/li><li>ver\u00e4nderte Sequenzierung von Bewegungsmustern<\/li><li>muskuloskelettale Probleme<\/li><li>die Reaktion auf Erleichterungen<\/li><li>Kundenpr\u00e4ferenzen<\/li><li>Komorbidit\u00e4ten<\/li><li>kognitive Wahrnehmungsprobleme<\/li><\/ul>\n\n\n\n<p>Die Interpretation kritischer Hinweise ist ein logischer und systematischer Prozess, welcher die Entwicklung von Behandlungshypothesen erm\u00f6glicht und den Interventionsplan leitet.<\/p>\n\n\n\n<ol class=\"wp-block-list\"><li><strong>Funktionale Bewegungsanalyse<\/strong><\/li><\/ol>\n\n\n\n<p>Die funktionale Bewegungsanalyse ist ein beschreibender Prozess der menschlichen Bewegung, entweder eines Aspekts einer Aufgabe oder der Ausf\u00fchrung einer Aufgabe im t\u00e4glichen Leben. Sie besteht aus drei spezifischen Einheiten: Haltungskontrolle, sensomotorische Leistung und selektive Bewegung \/ Bewegungsabl\u00e4ufe. Eine detaillierte Analyse der Bewegungsabl\u00e4ufe w\u00e4hrend der Aufgabenerf\u00fcllung bestimmt, wie sich die Bewegung vom typischen motorischen Verhalten unterscheidet, einschlie\u00dflich der Analyse etwaiger Kompensationsstrategien und \/ oder des verwendeten atypischen motorischen Verhaltens.<\/p>\n\n\n\n<ol class=\"wp-block-list\" start=\"2\"><li><strong>Qualifizierte Fazilitation<\/strong><\/li><\/ol>\n\n\n\n<p>Die qualifizierte Fazilitation ist ein grundlegendes Prinzip der klinischen Anwendung des Bobath-Konzepts und stellt einen einzigartigen Aspekt des Bewertungs- und Interventionsprozesses dar. Durch therapeutische Handhabung, um z.B. die Ausrichtung der K\u00f6rpersegmente und die Gangleistung zu verbessern, die Manipulation der Umgebung, die bestimmte Aufgabenauswahl (Auswahl einer Aufgabe, die f\u00fcr den Kunden von Bedeutung und kontextspezifisch ist) sowie die angemessene Verwendung verbaler Hinweise, wird die Selbstinitiierung \/ Beendigung der Bewegung erm\u00f6glicht, um das f\u00f6rdernde Bewegungserlebnis zu schaffen.<\/p>\n\n\n\n<ol class=\"wp-block-list\" start=\"3\"><li><strong>Klinische Argumentation<\/strong><\/li><\/ol>\n\n\n\n<p>Die L\u00f6sung von Bewegungsproblemen erfordert ein Verst\u00e4ndnis der motorischen Steuerung und des motorischen Lernens, der neuromuskul\u00e4ren Plastizit\u00e4t und der funktionellen menschlichen Bewegung. Innerhalb des MBCP Modells umfassen die klinischen Argumentationsprozesse drei spezifische Komponenten: Identifizierung des Potenzials, Bewegungsdiagnose und Arbeitshypothesen.<\/p>\n\n\n\n<hr class=\"wp-block-separator\"\/>\n\n\n\n<h2 class=\"wp-block-heading\">Zu den Kursen:<\/h2>\n\n\n\n<div class=\"wp-block-buttons is-layout-flex wp-block-buttons-is-layout-flex\">\n<div class=\"wp-block-button\"><a class=\"wp-block-button__link has-text-color has-background\" href=\"\/en\/events\/kategorien\/normale-bewegung\/\" style=\"background-color:#0b62ab;color:#ffffff\">Normal movement<\/a><\/div>\n\n\n\n<div class=\"wp-block-button\"><a class=\"wp-block-button__link has-background\" href=\"\/en\/events\/kategorien\/grundkurse\/\" style=\"background-color:#0b62ab\">Basic courses<\/a><\/div>\n\n\n\n<div class=\"wp-block-button\"><a class=\"wp-block-button__link has-background\" href=\"\/en\/events\/kategorien\/aufbaukurse\/\" style=\"background-color:#0b62ab\">Advanced courses<\/a><\/div>\n\n\n\n<div class=\"wp-block-button\"><a class=\"wp-block-button__link has-background\" href=\"\/en\/events\/kategorien\/themenkurse\/\" style=\"background-color:#0b62ab\">Themes courses<\/a><\/div>\n<\/div>\n\n\t<\/div>\n\n\n\n<div class=\"col-12\">\n\t\t\t\t<\/div>\n\n<\/div>\n\n<\/div>","protected":false},"excerpt":{"rendered":"","protected":false},"author":2,"featured_media":379,"parent":0,"menu_order":0,"comment_status":"closed","ping_status":"closed","template":"","meta":{"footnotes":""},"class_list":["post-33","page","type-page","status-publish","has-post-thumbnail","hentry"],"_links":{"self":[{"href":"https:\/\/www.schulung-bobath-kassel.de\/en\/wp-json\/wp\/v2\/pages\/33","targetHints":{"allow":["GET"]}}],"collection":[{"href":"https:\/\/www.schulung-bobath-kassel.de\/en\/wp-json\/wp\/v2\/pages"}],"about":[{"href":"https:\/\/www.schulung-bobath-kassel.de\/en\/wp-json\/wp\/v2\/types\/page"}],"author":[{"embeddable":true,"href":"https:\/\/www.schulung-bobath-kassel.de\/en\/wp-json\/wp\/v2\/users\/2"}],"replies":[{"embeddable":true,"href":"https:\/\/www.schulung-bobath-kassel.de\/en\/wp-json\/wp\/v2\/comments?post=33"}],"version-history":[{"count":10,"href":"https:\/\/www.schulung-bobath-kassel.de\/en\/wp-json\/wp\/v2\/pages\/33\/revisions"}],"predecessor-version":[{"id":749,"href":"https:\/\/www.schulung-bobath-kassel.de\/en\/wp-json\/wp\/v2\/pages\/33\/revisions\/749"}],"wp:featuredmedia":[{"embeddable":true,"href":"https:\/\/www.schulung-bobath-kassel.de\/en\/wp-json\/wp\/v2\/media\/379"}],"wp:attachment":[{"href":"https:\/\/www.schulung-bobath-kassel.de\/en\/wp-json\/wp\/v2\/media?parent=33"}],"curies":[{"name":"wp","href":"https:\/\/api.w.org\/{rel}","templated":true}]}}