{"id":68,"date":"2020-07-08T15:36:49","date_gmt":"2020-07-08T13:36:49","guid":{"rendered":"http:\/\/bobath-schulungszentrum-kassel.de\/?page_id=68"},"modified":"2021-01-04T11:51:41","modified_gmt":"2021-01-04T10:51:41","slug":"bobathag","status":"publish","type":"page","link":"https:\/\/www.schulung-bobath-kassel.de\/en\/kurse\/bobathag\/","title":{"rendered":"Bobath AG"},"content":{"rendered":"<div class=\"wp-bootstrap-blocks-container container mb-2\">\n\t\n<div class=\"wp-bootstrap-blocks-row row\">\n\t\n\n<div class=\"col-12 col-xl-10 offset-xl-1\">\n\t\t\t\n\n<p>Die AG soll in regelm\u00e4\u00dfigen Abst\u00e4nden (etwa 4-6 Mal pro Jahr) stattfinden. Angesprochen sind Physiotherapeuten, Ergotherapeuten, Logop\u00e4den und \u00c4rzte, die sich f\u00fcr die neurologische Rehabilitation interessieren.<br>Bei einigen Themen ist ein Bobath Grundkurs Voraussetzung, dies wird aber im Einzelnen beschrieben.<\/p>\n\n\n\n<p>Veranstaltungsort:<br>Therapiezentrum am Rothenberg<br>Marburgerstr. 85 a<br>34127 Kassel<\/p>\n\n\n\n<p>Anmeldungen an:<br>Adrian Pajak<br><a href=\"mailto:pajak@schulung-bobath-kassel.de\">pajak@schulung-bobath-kassel.de<\/a><br>oder<br>Fon <a href=\"tel:056176620625\">0561 \/ 766 20 625<\/a><br>zu folgenden Zeiten:<br>Montag 11.00\u201313.00 Uhr<br>Mittwoch 11.00\u201313.00 Uhr<\/p>\n\n\n\n<p>Teilnahmegeb\u00fchren:<br>10,- Euro pro Person und Veranstaltung<\/p>\n\n\n\n<p>Bitte um fr\u00fchzeitige Anmeldung!<\/p>\n\n\n\n<p><strong>Termine<\/strong>&nbsp;<a href=\"https:\/\/www.facebook.com\/pg\/TherapiezentrumAmGoethestern\/events\/?ref=page_internal\" target=\"_blank\" rel=\"noreferrer noopener\"><br><br>Hier finden Sie die aktuellen AG-Termine<\/a><\/p>\n\n\t<\/div>\n\n\n\n<div class=\"col-12\">\n\t\t\t\t<\/div>\n\n<\/div>\n\n<\/div>","protected":false},"excerpt":{"rendered":"","protected":false},"author":3,"featured_media":207,"parent":33,"menu_order":0,"comment_status":"closed","ping_status":"closed","template":"","meta":{"footnotes":""},"class_list":["post-68","page","type-page","status-publish","has-post-thumbnail","hentry"],"_links":{"self":[{"href":"https:\/\/www.schulung-bobath-kassel.de\/en\/wp-json\/wp\/v2\/pages\/68","targetHints":{"allow":["GET"]}}],"collection":[{"href":"https:\/\/www.schulung-bobath-kassel.de\/en\/wp-json\/wp\/v2\/pages"}],"about":[{"href":"https:\/\/www.schulung-bobath-kassel.de\/en\/wp-json\/wp\/v2\/types\/page"}],"author":[{"embeddable":true,"href":"https:\/\/www.schulung-bobath-kassel.de\/en\/wp-json\/wp\/v2\/users\/3"}],"replies":[{"embeddable":true,"href":"https:\/\/www.schulung-bobath-kassel.de\/en\/wp-json\/wp\/v2\/comments?post=68"}],"version-history":[{"count":10,"href":"https:\/\/www.schulung-bobath-kassel.de\/en\/wp-json\/wp\/v2\/pages\/68\/revisions"}],"predecessor-version":[{"id":454,"href":"https:\/\/www.schulung-bobath-kassel.de\/en\/wp-json\/wp\/v2\/pages\/68\/revisions\/454"}],"up":[{"embeddable":true,"href":"https:\/\/www.schulung-bobath-kassel.de\/en\/wp-json\/wp\/v2\/pages\/33"}],"wp:featuredmedia":[{"embeddable":true,"href":"https:\/\/www.schulung-bobath-kassel.de\/en\/wp-json\/wp\/v2\/media\/207"}],"wp:attachment":[{"href":"https:\/\/www.schulung-bobath-kassel.de\/en\/wp-json\/wp\/v2\/media?parent=68"}],"curies":[{"name":"wp","href":"https:\/\/api.w.org\/{rel}","templated":true}]}}