{"id":79,"date":"2020-07-08T15:39:09","date_gmt":"2020-07-08T13:39:09","guid":{"rendered":"http:\/\/bobath-schulungszentrum-kassel.de\/?page_id=79"},"modified":"2021-12-30T17:11:59","modified_gmt":"2021-12-30T16:11:59","slug":"victor-urquizo","status":"publish","type":"page","link":"https:\/\/www.schulung-bobath-kassel.de\/en\/dozenten\/victor-urquizo\/","title":{"rendered":"Victor Urquizo"},"content":{"rendered":"<div class=\"wp-bootstrap-blocks-container container mb-2\">\n\t\n<div class=\"wp-bootstrap-blocks-row row\">\n\t\n\n<div class=\"col-12 col-xl-10 offset-xl-1\">\n\t\t\t\n\n<h3 class=\"wp-block-heading\"><strong>Victor Urquizo<\/strong> &#8211; Dipl. Physiotherapeut &#8211; Bobath Advanced Instruktor IBITA<\/h3>\n\n\n\n<p>Victor Hugo Urquizo, geboren in La Pqz, Bolivien, wanderte im Jahr 1981 nach Deutschland aus. 1984 erhielt er seine staatliche Anerkennung als Physiotherapeut in Deutschland. 1994 qualifizierte er als IBITA anerkannter Bobath Basic Tutor (Mary Lynch-Ellerington). Im gleichen Jahr erhielt er die SRK Anerkennung als diplomierter Physiotherapeut in die Schweiz. 2003 qualifizierte er als IBITA anerkannter Bobath Advanced Tutor (Mary Lynch-Ellerington).<\/p>\n\n\n\n<p>Seine berufliche Laufbahn begann 1986 in der neurologischen Klinik Christophsbad in G\u00f6ppingen wo er die Leitung der Physiotherapie, physikalische Therapie und Bewegungstherapie \u00fcbernahm. 1990 wurde er Abteilungsleiter der Therapien im Therapiezentrum Burgau. 1993 \u00fcbernahm er die Leitung der Physiotherapie in der Rehabilitationsklinik Zihlschlacht in der Schweiz. Seit 2008 arbeitet er zun\u00e4chst als Leiter der Physiotherapie, Ergotherapie, Logop\u00e4die und Neuropsychologie des RehaCenter Winterthur und seit 2019 als Fachleitung Therapien der station\u00e4ren und ambulanten Rehabilitationskliniken bzw. -center der RehaClinic Z\u00fcrich AG.<\/p>\n\n\n\n<p>Neben seiner therapeutischen T\u00e4tigkeit arbeitet er als Mentor und Ausbilder von Instructor Candidates der IBITA im deutschsprachigen Raum. Ebenfalls arbeitet er als Berater bei verschiedenen Forschungsprojekte u.a. mit der Firma Myosuisse AG und Reha-at-Home in der Schweiz. Er unterrichtet die breite Palette der Neurorehabiitation national und international aber vor allem im Schulungszentrum f\u00fcr Bobath Therapie in Kassel.<\/p>\n\n\n\n<p>Publikationen:<\/p>\n\n\n\n<ul class=\"wp-block-list\"><li><em>Die Rolle der Facilitation<\/em>, in Bewegung und Entwicklung, Zeitschrift der Vereinigung Bobath Therapeuten Deutschlands e.V., 2003<\/li><li><em>Motorisches Lernen<\/em>, Das Bobath Konzept, Hrsg. Frauke Biewald, Urban &amp; Fischer Verlag, 2004, 135-141<\/li><li><em>Das Konzept heute<\/em>, Bobath, Hrsg. H. Viebrock, B. Forst, Thieme Verlag, 2008, 24-51<\/li><li><em>Dr\u00fccken oder Ziehen? Das Pusher-Verhalten kontrovers diskutiert<\/em>, Neurologie und Rehabilitation, Springer Verlag, 2009, 15 (6): 365-372<\/li><li><em>Das Bobath Konzept im Umbruch<\/em>, Prof. Dr. med. Horst Hummelsheim et al., Physiopraxis, 2010<\/li><li><em>Das Bobath-Konzept<\/em>, in Handfunktionsst\u00f6rungen in der Neurologie \u2013 Klinik und Rehabilitation, Hrsg. Dennis A. Novak, Springer Verlag, 2011, 194-198<\/li><\/ul>\n\n\t<\/div>\n\n\n\n<div class=\"col-12\">\n\t\t\t\t<\/div>\n\n<\/div>\n\n<\/div>","protected":false},"excerpt":{"rendered":"","protected":false},"author":3,"featured_media":203,"parent":35,"menu_order":0,"comment_status":"closed","ping_status":"closed","template":"","meta":{"footnotes":""},"class_list":["post-79","page","type-page","status-publish","has-post-thumbnail","hentry"],"_links":{"self":[{"href":"https:\/\/www.schulung-bobath-kassel.de\/en\/wp-json\/wp\/v2\/pages\/79","targetHints":{"allow":["GET"]}}],"collection":[{"href":"https:\/\/www.schulung-bobath-kassel.de\/en\/wp-json\/wp\/v2\/pages"}],"about":[{"href":"https:\/\/www.schulung-bobath-kassel.de\/en\/wp-json\/wp\/v2\/types\/page"}],"author":[{"embeddable":true,"href":"https:\/\/www.schulung-bobath-kassel.de\/en\/wp-json\/wp\/v2\/users\/3"}],"replies":[{"embeddable":true,"href":"https:\/\/www.schulung-bobath-kassel.de\/en\/wp-json\/wp\/v2\/comments?post=79"}],"version-history":[{"count":10,"href":"https:\/\/www.schulung-bobath-kassel.de\/en\/wp-json\/wp\/v2\/pages\/79\/revisions"}],"predecessor-version":[{"id":741,"href":"https:\/\/www.schulung-bobath-kassel.de\/en\/wp-json\/wp\/v2\/pages\/79\/revisions\/741"}],"up":[{"embeddable":true,"href":"https:\/\/www.schulung-bobath-kassel.de\/en\/wp-json\/wp\/v2\/pages\/35"}],"wp:featuredmedia":[{"embeddable":true,"href":"https:\/\/www.schulung-bobath-kassel.de\/en\/wp-json\/wp\/v2\/media\/203"}],"wp:attachment":[{"href":"https:\/\/www.schulung-bobath-kassel.de\/en\/wp-json\/wp\/v2\/media?parent=79"}],"curies":[{"name":"wp","href":"https:\/\/api.w.org\/{rel}","templated":true}]}}