{"id":86,"date":"2020-07-08T15:40:59","date_gmt":"2020-07-08T13:40:59","guid":{"rendered":"http:\/\/bobath-schulungszentrum-kassel.de\/?page_id=86"},"modified":"2023-02-22T12:15:57","modified_gmt":"2023-02-22T11:15:57","slug":"kontaktdaten","status":"publish","type":"page","link":"https:\/\/www.schulung-bobath-kassel.de\/en\/kontakt\/kontaktdaten\/","title":{"rendered":"Contact data"},"content":{"rendered":"<div class=\"wp-bootstrap-blocks-container container mb-2\">\n\t\n<div class=\"wp-bootstrap-blocks-row row\">\n\t\n\n<div class=\"col-12 col-xl-10 offset-xl-1\">\n\t\t\t\n\n<p><strong>Schulungszentrum f\u00fcr Bobath Therapie Kassel<\/strong><br>Marburger Str. 85a<br>34127 Kassel<\/p>\n\n\n\n<p><a rel=\"noreferrer noopener\" href=\"tel:+4956176620625\" target=\"_blank\">Fon 0561 \/ 766 20 625<br><\/a><a href=\"https:\/\/www.therapiezentrum-kassel.de\/Kontakt2.html#FAX\">Fax 0561 \/ 766 20 61<\/a><\/p>\n\n\n\n<p><a href=\"https:\/\/www.therapiezentrum-kassel.de\/Schulungszentrum.html\">www.therapiezentrum-kassel.de<\/a><\/p>\n\n\n\n<p><\/p>\n\n\n\n<p><a class=\"\" href=\"mailto:info@schulung-bobath-kassel.de\">info[at]schulung-bobath-kassel.de<\/a><\/p>\n\n\n\n<p><a href=\"http:\/\/www.schulung-bobath-kassel.de\/en\/\" class=\"\">www.schulung-bobath-kassel.de<\/a><\/p>\n\n\n\n<p><strong>Zu folgenden Zeiten ist das B\u00fcro des Schulungszentrums besetzt:<\/strong><\/p>\n\n\n\n<ul class=\"wp-block-list\"><li><strong>Dienstag 09.00 &#8211; 12.00 Uhr<\/strong><\/li><\/ul>\n\n\n\n<p><strong><strong>Sollten sie uns einmal nicht pers\u00f6nlich erreichen, hinterlassen Sie uns bitte eine Nachricht auf unserem Anrufbeantworter. Wir rufen Sie schnellstm\u00f6glich zur\u00fcck.<\/strong><\/strong><\/p>\n\n\t<\/div>\n\n\n\n<div class=\"col-12\">\n\t\t\t\t<\/div>\n\n<\/div>\n\n<\/div>","protected":false},"excerpt":{"rendered":"","protected":false},"author":3,"featured_media":206,"parent":40,"menu_order":0,"comment_status":"closed","ping_status":"closed","template":"","meta":{"footnotes":""},"class_list":["post-86","page","type-page","status-publish","has-post-thumbnail","hentry"],"_links":{"self":[{"href":"https:\/\/www.schulung-bobath-kassel.de\/en\/wp-json\/wp\/v2\/pages\/86","targetHints":{"allow":["GET"]}}],"collection":[{"href":"https:\/\/www.schulung-bobath-kassel.de\/en\/wp-json\/wp\/v2\/pages"}],"about":[{"href":"https:\/\/www.schulung-bobath-kassel.de\/en\/wp-json\/wp\/v2\/types\/page"}],"author":[{"embeddable":true,"href":"https:\/\/www.schulung-bobath-kassel.de\/en\/wp-json\/wp\/v2\/users\/3"}],"replies":[{"embeddable":true,"href":"https:\/\/www.schulung-bobath-kassel.de\/en\/wp-json\/wp\/v2\/comments?post=86"}],"version-history":[{"count":10,"href":"https:\/\/www.schulung-bobath-kassel.de\/en\/wp-json\/wp\/v2\/pages\/86\/revisions"}],"predecessor-version":[{"id":797,"href":"https:\/\/www.schulung-bobath-kassel.de\/en\/wp-json\/wp\/v2\/pages\/86\/revisions\/797"}],"up":[{"embeddable":true,"href":"https:\/\/www.schulung-bobath-kassel.de\/en\/wp-json\/wp\/v2\/pages\/40"}],"wp:featuredmedia":[{"embeddable":true,"href":"https:\/\/www.schulung-bobath-kassel.de\/en\/wp-json\/wp\/v2\/media\/206"}],"wp:attachment":[{"href":"https:\/\/www.schulung-bobath-kassel.de\/en\/wp-json\/wp\/v2\/media?parent=86"}],"curies":[{"name":"wp","href":"https:\/\/api.w.org\/{rel}","templated":true}]}}