{"id":919,"date":"2026-02-10T13:57:04","date_gmt":"2026-02-10T12:57:04","guid":{"rendered":"https:\/\/www.schulung-bobath-kassel.de\/?page_id=919"},"modified":"2026-02-10T13:59:40","modified_gmt":"2026-02-10T12:59:40","slug":"kilian-hartl","status":"publish","type":"page","link":"https:\/\/www.schulung-bobath-kassel.de\/en\/dozenten\/kilian-hartl\/","title":{"rendered":"Kilian Hartl"},"content":{"rendered":"<div class=\"wp-bootstrap-blocks-container container mb-2\">\n\t\n<div class=\"wp-bootstrap-blocks-row row\">\n\t\n\n<div class=\"col-12 col-xl-10 offset-xl-1\">\n\t\t\t\n\n<h3 class=\"wp-block-heading\">Kilian Hartl, Physiotherapeut, Bobath Instructor Candidate<\/h3>\n\n\n\n<p>Nach mehreren Jahren klinischer T\u00e4tigkeit im Akutkrankenhaus am Klinikum Ingolstadt, insbesondere auf der Stroke Unit sowie in der neurologischen Fr\u00fchrehabilitation (Phase B), gr\u00fcndete er 2023 seine eigene physiotherapeutische Praxis. Sein fachlicher Schwerpunkt liegt auf der Behandlung neurologischer und schwerbetroffener Patient*innen.<\/p>\n\n\n\n<p>Neben seiner praktischen T\u00e4tigkeit ist er als Lehrphysiotherapeut am Berufsbildungszentrum Gesundheit Ingolstadt t\u00e4tig.<\/p>\n\n\t<\/div>\n\n\n\n<div class=\"col-12\">\n\t\t\t\t<\/div>\n\n<\/div>\n\n<\/div>","protected":false},"excerpt":{"rendered":"","protected":false},"author":2,"featured_media":921,"parent":35,"menu_order":0,"comment_status":"closed","ping_status":"closed","template":"","meta":{"footnotes":""},"class_list":["post-919","page","type-page","status-publish","has-post-thumbnail","hentry"],"_links":{"self":[{"href":"https:\/\/www.schulung-bobath-kassel.de\/en\/wp-json\/wp\/v2\/pages\/919","targetHints":{"allow":["GET"]}}],"collection":[{"href":"https:\/\/www.schulung-bobath-kassel.de\/en\/wp-json\/wp\/v2\/pages"}],"about":[{"href":"https:\/\/www.schulung-bobath-kassel.de\/en\/wp-json\/wp\/v2\/types\/page"}],"author":[{"embeddable":true,"href":"https:\/\/www.schulung-bobath-kassel.de\/en\/wp-json\/wp\/v2\/users\/2"}],"replies":[{"embeddable":true,"href":"https:\/\/www.schulung-bobath-kassel.de\/en\/wp-json\/wp\/v2\/comments?post=919"}],"version-history":[{"count":1,"href":"https:\/\/www.schulung-bobath-kassel.de\/en\/wp-json\/wp\/v2\/pages\/919\/revisions"}],"predecessor-version":[{"id":920,"href":"https:\/\/www.schulung-bobath-kassel.de\/en\/wp-json\/wp\/v2\/pages\/919\/revisions\/920"}],"up":[{"embeddable":true,"href":"https:\/\/www.schulung-bobath-kassel.de\/en\/wp-json\/wp\/v2\/pages\/35"}],"wp:featuredmedia":[{"embeddable":true,"href":"https:\/\/www.schulung-bobath-kassel.de\/en\/wp-json\/wp\/v2\/media\/921"}],"wp:attachment":[{"href":"https:\/\/www.schulung-bobath-kassel.de\/en\/wp-json\/wp\/v2\/media?parent=919"}],"curies":[{"name":"wp","href":"https:\/\/api.w.org\/{rel}","templated":true}]}}