{"id":95,"date":"2020-07-08T15:42:49","date_gmt":"2020-07-08T13:42:49","guid":{"rendered":"http:\/\/bobath-schulungszentrum-kassel.de\/?page_id=95"},"modified":"2021-01-04T11:54:39","modified_gmt":"2021-01-04T10:54:39","slug":"partner-links","status":"publish","type":"page","link":"https:\/\/www.schulung-bobath-kassel.de\/en\/kontakt\/partner-links\/","title":{"rendered":"Partner\t\/ Links"},"content":{"rendered":"<div class=\"wp-bootstrap-blocks-container container mb-2\">\n\t\n<div class=\"wp-bootstrap-blocks-row row\">\n\t\n\n<div class=\"col-12 col-xl-10 offset-xl-1\">\n\t\t\t\n\n<p>Marienkrankenhaus Kassel GmbH <br>Marburger Str. 85<br>34127 Kassel<br><a href=\"http:\/\/www.marienkrankenhaus-kassel.de\/\">www.marienkrankenhaus-kassel.de<\/a><\/p>\n\n\n\n<p>Evangelisches Krankenhaus Gesundbrunnen GmbH<br>Am Kr\u00e4henberg 1<br>34369 Hofgeismar<br><a href=\"http:\/\/www.ekh-gesundbrunnen.de\/\">www.ekh-gesundbrunnen.de<\/a><\/p>\n\n\n\n<p>Diakonie-Zentrum f\u00fcr Sch\u00e4del-Hirn-Verletzte in Nordhessen (ZeHN)<br>Herkulesstra\u00dfe 34a<br>34119 Kassel<br><a href=\"http:\/\/www.diakonissenhaus-kassel.de\/diakonie-zentrum-fuer-schaedel-hirn-verletzte-nordhessen\">www.diakonissenhaus-kassel.de\/diakonie-zentrum-fuer-schaedel-hirn-verletzte-nordhessen<\/a><\/p>\n\n\n\n<p>Verein der Bobath InstruktorInnen IBITA Deutschland und \u00d6sterreich&nbsp;e.V.<br>Holm 22<br>24107 Kiel<br><a href=\"https:\/\/www.vebid.de\/startseite\/\">www.vebid.de<\/a><\/p>\n\n\n\n<p>Canadian Bobath Instructors Association<br><a href=\"https:\/\/cbiaorg.com\/\">cbiaorg.com<\/a><\/p>\n\n\t<\/div>\n\n\n\n<div class=\"col-12\">\n\t\t\t\t<\/div>\n\n<\/div>\n\n<\/div>","protected":false},"excerpt":{"rendered":"","protected":false},"author":3,"featured_media":390,"parent":40,"menu_order":0,"comment_status":"closed","ping_status":"closed","template":"","meta":{"footnotes":""},"class_list":["post-95","page","type-page","status-publish","has-post-thumbnail","hentry"],"_links":{"self":[{"href":"https:\/\/www.schulung-bobath-kassel.de\/en\/wp-json\/wp\/v2\/pages\/95","targetHints":{"allow":["GET"]}}],"collection":[{"href":"https:\/\/www.schulung-bobath-kassel.de\/en\/wp-json\/wp\/v2\/pages"}],"about":[{"href":"https:\/\/www.schulung-bobath-kassel.de\/en\/wp-json\/wp\/v2\/types\/page"}],"author":[{"embeddable":true,"href":"https:\/\/www.schulung-bobath-kassel.de\/en\/wp-json\/wp\/v2\/users\/3"}],"replies":[{"embeddable":true,"href":"https:\/\/www.schulung-bobath-kassel.de\/en\/wp-json\/wp\/v2\/comments?post=95"}],"version-history":[{"count":10,"href":"https:\/\/www.schulung-bobath-kassel.de\/en\/wp-json\/wp\/v2\/pages\/95\/revisions"}],"predecessor-version":[{"id":572,"href":"https:\/\/www.schulung-bobath-kassel.de\/en\/wp-json\/wp\/v2\/pages\/95\/revisions\/572"}],"up":[{"embeddable":true,"href":"https:\/\/www.schulung-bobath-kassel.de\/en\/wp-json\/wp\/v2\/pages\/40"}],"wp:featuredmedia":[{"embeddable":true,"href":"https:\/\/www.schulung-bobath-kassel.de\/en\/wp-json\/wp\/v2\/media\/390"}],"wp:attachment":[{"href":"https:\/\/www.schulung-bobath-kassel.de\/en\/wp-json\/wp\/v2\/media?parent=95"}],"curies":[{"name":"wp","href":"https:\/\/api.w.org\/{rel}","templated":true}]}}